{"id":19,"date":"2025-07-02T17:08:11","date_gmt":"2025-07-02T17:08:11","guid":{"rendered":"https:\/\/shak.com.tr\/?page_id=19"},"modified":"2025-07-03T19:20:06","modified_gmt":"2025-07-03T19:20:06","slug":"shak-ana-sayfa","status":"publish","type":"page","link":"https:\/\/shak.com.tr\/","title":{"rendered":"SHAK Ana Sayfa"},"content":{"rendered":"\t\t<div data-elementor-type=\"wp-page\" data-elementor-id=\"19\" class=\"elementor elementor-19\">\n\t\t\t\t<div class=\"elementor-element elementor-element-09bb3a8 e-con-full e-flex e-con e-parent\" data-id=\"09bb3a8\" data-element_type=\"container\">\n\t\t\t\t<div class=\"elementor-element elementor-element-9b88711 elementor-widget elementor-widget-html\" data-id=\"9b88711\" data-element_type=\"widget\" data-widget_type=\"html.default\">\n\t\t\t\t\t<!DOCTYPE html>\n<html lang=\"tr\">\n<head>\n  <meta charset=\"UTF-8\">\n  <meta name=\"viewport\" content=\"width=device-width, initial-scale=1.0\">\n  <title>SHAK - Sivil Hayata A\u00e7\u0131lan Kap\u0131n\u0131z<\/title>\n  <link href=\"https:\/\/fonts.googleapis.com\/css2?family=Inter:wght@400;600;800&display=swap\" rel=\"stylesheet\">\n  <style>\n    html {\n        scroll-behavior: smooth;\n    }\n    body{\n      margin: 0;\n      font-family: 'Inter', sans-serif;\n      background: linear-gradient(to right, #0f172a, #1e3a8a);\n      color: white;\n    }\n    .container {\n    display: flex;\n    flex-wrap: wrap;\n    padding: 60px 2%;\n    align-items: center;\n    justify-content: space-between;\n    max-width: 1400px;\n    margin: 0 auto;\n    }\n    .left {\n      flex: 1;\n      min-width: 300px;\n      padding-right: 40px;\n    }\n    .right {\n      flex: 1;\n      min-width: 300px;\n      display: flex;\n      justify-content: center;\n    }\n    .badge {\n      background-color: #facc15;\n      color: #1e293b;\n      font-weight: 600;\n      padding: 8px 14px;\n      border-radius: 8px;\n      display: inline-block;\n      font-size: 14px;\n      margin-bottom: 24px;\n    }\n    h1 {\n      font-size: 48px;\n      font-weight: 800;\n      color: #facc15;\n      margin: 0;\n    }\n    h2 {\n      font-size: 28px;\n      margin: 16px 0 20px;\n    }\n    p {\n      font-size: 16px;\n      line-height: 1.6;\n      color: #d1d5db;\n      max-width: 500px;\n    }\n    .btn {\n      background-color: #facc15;\n      color: #1e293b;\n      font-weight: bold;\n      padding: 12px 28px;\n      border: none;\n      border-radius: 10px;\n      font-size: 16px;\n      margin-top: 24px;\n      cursor: pointer;\n    }\n    .info-box {\n      background-color: #1e293b;\n      border-radius: 12px;\n      padding: 20px;\n      margin-top: 40px;\n      border-left: 4px solid #facc15;\n      max-width: 500px;\n    }\n    .info-box h4 {\n      margin: 0 0 10px;\n      color: #facc15;\n      font-size: 18px;\n    }\n    .info-box p {\n      margin: 0;\n      color: #cbd5e1;\n      font-size: 14px;\n    }\n    img {\n      max-width: 100%;\n      border-radius: 12px;\n      box-shadow: 0 4px 20px rgba(0, 0, 0, 0.3);\n    }\n    @media (max-width: 768px) {\n      .container {\n        flex-direction: column;\n        text-align: center;\n      }\n      .left, .right {\n        padding: 0;\n      }\n    }\n  <\/style>\n<\/head>\n<body>\n  <div class=\"container\">\n    <div class=\"left\">\n      <div class=\"badge\">VATAN\u0130 G\u00d6REV\u0130N\u0130ZDE G\u00dcNDEMDEN D\u00dc\u015eMEY\u0130N!<\/div>\n      <h1>SHAK<\/h1>\n      <h2>Sivil Hayata A\u00e7\u0131lan Kap\u0131n\u0131z!<\/h2>\n      <p>Twitter\u2019\u0131n\u0131za SMS ile ula\u015f\u0131n! Bedelli askerlik s\u00fcrecinizde tu\u015flu telefonunuzla se\u00e7ti\u011finiz hesaplardan gelen \u00f6nemli tweetleri SMS olarak al\u0131n!<\/p>\n      <a href=\"#paketler\" class=\"btn\">Paketleri \u0130ncele<\/a>\n      <div class=\"info-box\">\n        <h4>\ud83d\udd52 Otomatik Tweet Al\u0131m\u0131<\/h4>\n        <p>Her sabah 6'da \u015fafak sayac\u0131 ve g\u00fcn i\u00e7erisinde her Twitter hesab\u0131ndan 5 tweet al!<\/p>\n      <\/div>\n    <\/div>\n    <div class=\"right\">\n      <img decoding=\"async\" src=\"https:\/\/shak.com.tr\/wp-content\/uploads\/2025\/07\/WhatsApp-Image-2025-07-03-at-14.21.12.jpeg\" alt=\"SHAK G\u00f6rseli\">\n\n    <\/div>\n  <\/div>\n<\/body>\n<\/html>\n\t\t\t\t<\/div>\n\t\t\t\t<\/div>\n\t\t<div class=\"elementor-element elementor-element-6133f6e e-con-full e-flex e-con e-parent\" data-id=\"6133f6e\" data-element_type=\"container\">\n\t\t\t\t<div class=\"elementor-element elementor-element-492393c elementor-widget elementor-widget-html\" data-id=\"492393c\" data-element_type=\"widget\" data-widget_type=\"html.default\">\n\t\t\t\t\t<section style=\"background: linear-gradient(to right, #0f172a, #1e3a8a); padding: 60px 5%; font-family: 'Inter', sans-serif; color: white;\">\n  <div class=\"container\" style=\"width: 100%; max-width: 1400px; margin: 0 auto; display: flex; flex-direction: column; align-items: center; justify-content: center;\">\n    \n    <div style=\"text-align: center; margin-bottom: 50px;\">\n      <h2 style=\"font-size: 32px; font-weight: 800; margin-bottom: 10px;\">Neden SHAK?<\/h2>\n      <p style=\"font-size: 16px; color: #cbd5e1; margin: 0 auto; max-width: 600px;\">\n        Vatani g\u00f6reviniz s\u0131ras\u0131nda sivil hayattan kopuk kalmay\u0131n. SHAK ile \u00f6nemli geli\u015fmeleri ka\u00e7\u0131rmay\u0131n!\n      <\/p>\n    <\/div>\n\n    <div style=\"display: flex; flex-wrap: wrap; gap: 20px; justify-content: center;\">\n      \n      <!-- Card 1 -->\n      <div style=\"background-color: #1e293b; border-radius: 16px; padding: 20px; width: 220px; text-align: center; border: 1px solid #334155;\">\n        <div style=\"font-size: 36px; margin-bottom: 10px; color: #facc15;\">\ud83d\udcac<\/div>\n        <h3 style=\"font-size: 16px; font-weight: 700; margin-bottom: 10px;\">SMS ile Tweet Bildirimi<\/h3>\n        <p style=\"font-size: 13px; color: #cbd5e1;\">\n          Se\u00e7ti\u011finiz Twitter hesaplar\u0131ndan gelen \u00f6nemli tweetler do\u011frudan SMS olarak telefonunuza gelir.\n        <\/p>\n      <\/div>\n\n      <!-- Card 2 -->\n      <div style=\"background-color: #1e293b; border-radius: 16px; padding: 20px; width: 220px; text-align: center; border: 1px solid #334155;\">\n        <div style=\"font-size: 36px; margin-bottom: 10px; color: #facc15;\">\ud83d\udcde<\/div>\n        <h3 style=\"font-size: 16px; font-weight: 700; margin-bottom: 10px;\">Tu\u015flu Telefon Uyumlu<\/h3>\n        <p style=\"font-size: 13px; color: #cbd5e1;\">\n          Ak\u0131ll\u0131 telefon gerek\u00adtirmez. Sadece SMS alabilen herhangi bir telefon yeterlidir.\n        <\/p>\n      <\/div>\n\n      <!-- Card 3 -->\n      <div style=\"background-color: #1e293b; border-radius: 16px; padding: 20px; width: 220px; text-align: center; border: 1px solid #334155;\">\n        <div style=\"font-size: 36px; margin-bottom: 10px; color: #facc15;\">\u23f0<\/div>\n        <h3 style=\"font-size: 16px; font-weight: 700; margin-bottom: 10px;\">D\u00fczenli G\u00fcncelleme<\/h3>\n        <p style=\"font-size: 13px; color: #cbd5e1;\">\n          Her sabah 6'da ve her ak\u015fam 7'de her Twitter hesab\u0131ndan 10'ar tweet al\u0131n\u0131r.\n        <\/p>\n      <\/div>\n\n      <!-- Card 4 -->\n      <div style=\"background-color: #1e293b; border-radius: 16px; padding: 20px; width: 220px; text-align: center; border: 1px solid #334155;\">\n        <div style=\"font-size: 36px; margin-bottom: 10px; color: #facc15;\">\ud83d\udee1\ufe0f<\/div>\n        <h3 style=\"font-size: 16px; font-weight: 700; margin-bottom: 10px;\">G\u00fcvenli Hizmet<\/h3>\n        <p style=\"font-size: 13px; color: #cbd5e1;\">\n          KVKK uyumlu, g\u00fcvenli ve kesintisiz hizmet garantisi ile vatani g\u00f6revinizde haberdar kal\u0131n.\n        <\/p>\n      <\/div>\n\n    <\/div>\n  <\/div>\n<\/section>\n\t\t\t\t<\/div>\n\t\t\t\t<\/div>\n\t\t<div class=\"elementor-element elementor-element-5b34813 e-con-full e-flex e-con e-parent\" data-id=\"5b34813\" data-element_type=\"container\">\n\t\t\t\t<div class=\"elementor-element elementor-element-1df6888 elementor-widget elementor-widget-html\" data-id=\"1df6888\" data-element_type=\"widget\" data-widget_type=\"html.default\">\n\t\t\t\t\t<section id=\"paketler\" style=\"background: linear-gradient(to right, #0f172a, #1e3a8a); padding: 10px; font-family: 'Inter', sans-serif; color: white;\">\n  <div class=\"container\" style=\"width: 120%; max-width: 100%; margin: 0 auto; display: flex; flex-direction: column; align-items: center; justify-content: center;\">\n    \n    <div style=\"text-align: center; margin-bottom: 40px;\">\n      <h2 style=\"font-size: 32px; font-weight: 800; margin-bottom: 10px;\">Paket Se\u00e7enekleri<\/h2>\n      <p style=\"font-size: 16px; color: #cbd5e1; max-width: 600px; margin: 0 auto;\">\n        \u0130htiyac\u0131n\u0131za uygun paketi se\u00e7in:\n      <\/p>\n    <\/div>\n\n    <div style=\"display: flex; flex-wrap: wrap; gap: 24px; justify-content: center;\">\n      \n      <!-- Paket Kart\u0131 (Tek Stil) -->\n      <div class=\"package-card\" style=\"background-color: #1e293b; border-radius: 16px; padding: 30px 24px; width: 260px; text-align: center; border: 1px solid #334155; transition: transform 0.3s ease;\">\n        <h3 style=\"color: #facc15; font-size: 16px; font-weight: 700; margin-bottom: 12px;\">BAS\u0130T PAKET<\/h3>\n        <h2 style=\"font-size: 32px; font-weight: 800; margin: 0 0 12px;\">180 TL<\/h2>\n        <p style=\"font-size: 14px; color: #cbd5e1; margin-bottom: 20px;\">25 g\u00fcn boyunca 1 hesaptan gelen tweetler SMS ile iletilir.<\/p>\n        <ul style=\"list-style: none; padding: 0; margin-bottom: 24px; font-size: 14px; color: #a5f3fc; text-align: left;\">\n          <li style=\"margin-bottom: 8px;\">\u2705 25 g\u00fcn boyunca<\/li>\n          <li style=\"margin-bottom: 8px;\">\u2705 1 hesap takip<\/li>\n          <li>\u2705 SMS ile bildirim<\/li>\n        <\/ul>\n        <a href=\"#form\" style=\"background-color: #facc15; color: #1e293b; font-weight: bold; padding: 10px 20px; border: none; border-radius: 10px; cursor: pointer; display: inline-block; text-decoration: none;\"> Se\u00e7 <\/a>\n      <\/div>\n\n      <div class=\"package-card\" style=\"background-color: #1e293b; border-radius: 16px; padding: 30px 24px; width: 260px; text-align: center; border: 2px solid #facc15; position: relative; transition: transform 0.3s ease;\">\n        <div style=\"position: absolute; top: -16px; left: 50%; transform: translateX(-50%); background-color: #facc15; color: #1e293b; font-size: 12px; font-weight: bold; padding: 4px 12px; border-radius: 999px;\">\n          \u2b50 EN POP\u00dcLER\n        <\/div>\n        <h3 style=\"color: #facc15; font-size: 16px; font-weight: 700; margin-bottom: 12px;\">EKONOM\u0130K PAKET<\/h3>\n        <h2 style=\"font-size: 32px; font-weight: 800; margin: 0 0 12px;S\">300 TL<\/h2>\n        <p style=\"font-size: 14px; color: #cbd5e1; margin-bottom: 20px;\">25 g\u00fcn boyunca 2 hesaptan gelen tweetler SMS ile iletilir.<\/p>\n        <ul style=\"list-style: none; padding: 0; margin-bottom: 24px; font-size: 14px; color: #a5f3fc; text-align: left;\">\n          <li style=\"margin-bottom: 8px;\">\u2705 25 g\u00fcn boyunca<\/li>\n          <li style=\"margin-bottom: 8px;\">\u2705 2 hesap takip<\/li>\n          <li>\u2705 SMS ile bildirim<\/li>\n        <\/ul>\n        <a href=\"#form\" style=\"background-color: #facc15; color: #1e293b; font-weight: bold; padding: 10px 20px; border: none; border-radius: 10px; cursor: pointer; display: inline-block; text-decoration: none;\"> Bu Paketi Se\u00e7 <\/a>\n      <\/div>\n\n      <div class=\"package-card\" style=\"background-color: #1e293b; border-radius: 16px; padding: 30px 24px; width: 260px; text-align: center; border: 1px solid #334155; transition: transform 0.3s ease;\">\n        <h3 style=\"color: #facc15; font-size: 16px; font-weight: 700; margin-bottom: 12px;\">FULL PAKET<\/h3>\n        <h2 style=\"font-size: 32px; font-weight: 800; margin: 0 0 12px;\">600 TL<\/h2>\n        <p style=\"font-size: 14px; color: #cbd5e1; margin-bottom: 20px;\">25 g\u00fcn boyunca 5 hesaptan gelen tweetler SMS ile iletilir.<\/p>\n        <ul style=\"list-style: none; padding: 0; margin-bottom: 24px; font-size: 14px; color: #a5f3fc; text-align: left;\">\n          <li style=\"margin-bottom: 8px;\">\u2705 25 g\u00fcn boyunca<\/li>\n          <li style=\"margin-bottom: 8px;\">\u2705 5 hesap takip<\/li>\n          <li>\u2705 SMS ile bildirim<\/li>\n        <\/ul>\n        <a href=\"#form\" style=\"background-color: #facc15; color: #1e293b; font-weight: bold; padding: 10px 20px; border: none; border-radius: 10px; cursor: pointer; display: inline-block; text-decoration: none;\"> Se\u00e7 <\/a>\n      <\/div>\n\n    <\/div>\n  <\/div>\n<\/section>\n\n<style>\n  .package-card:hover {\n    transform: scale(1.05);\n  }\n<\/style>\n\t\t\t\t<\/div>\n\t\t\t\t<\/div>\n\t\t<div class=\"elementor-element elementor-element-94708d7 e-con-full e-flex e-con e-parent\" data-id=\"94708d7\" data-element_type=\"container\">\n\t\t\t\t<div class=\"elementor-element elementor-element-76d1dbe elementor-widget elementor-widget-html\" data-id=\"76d1dbe\" data-element_type=\"widget\" data-widget_type=\"html.default\">\n\t\t\t\t\t<section style=\"background: linear-gradient(to right, #0f172a, #1e3a8a); padding: 60px 5%; font-family: 'Inter', sans-serif; color: white;\">\n  <div class=\"container\" style=\"width: 100%; max-width: 1400px; margin: 0 auto; display: flex; flex-direction: column; align-items: center; justify-content: center;\">\n    \n    <div style=\"text-align: center; margin-bottom: 50px;\">\n      <h2 style=\"font-size: 32px; font-weight: 800; margin-bottom: 10px;\">\u00d6nerilen Twitter Hesaplar\u0131<\/h2>\n      <p style=\"font-size: 16px; color: #cbd5e1; margin: 0 auto; max-width: 600px;\">\n        Pop\u00fcler kategorilerdeki hesaplar\u0131 takip edebilirsiniz:\n      <\/p>\n    <\/div>\n\n    <div style=\"display: flex; flex-wrap: wrap; gap: 24px; justify-content: center;\">\n      <!-- Box 1: Haber -->\n      <div style=\"background-color: #1e293b; border-radius: 16px; padding: 20px 30px; width: 220px; text-align: left; border: 1px solid #334155;\">\n        <h3 style=\"font-size: 16px; font-weight: 700; color: #facc15; margin-bottom: 14px;\">Haber<\/h3>\n        <pre style=\"font-family: 'Courier New', monospace; font-size: 14px; color: #e2e8f0; margin: 0;\">\n@anadoluajansi\n@bbcturkce\n@trthaber\n@euronews_tr\n        <\/pre>\n      <\/div>\n\n      <!-- Box 2: Spor -->\n      <div style=\"background-color: #1e293b; border-radius: 16px; padding: 20px 30px; width: 220px; text-align: left; border: 1px solid #334155;\">\n        <h3 style=\"font-size: 16px; font-weight: 700; color: #facc15; margin-bottom: 14px;\">Spor<\/h3>\n        <pre style=\"font-family: 'Courier New', monospace; font-size: 14px; color: #e2e8f0; margin: 0;\">\n@NTVspor\n@GoalTurkiye\n@trtspor\n@sporx\n        <\/pre>\n      <\/div>\n\n      <!-- Box 3: G\u00fcndem & Politika -->\n      <div style=\"background-color: #1e293b; border-radius: 16px; padding: 20px 30px; width: 220px; text-align: left; border: 1px solid #334155;\">\n        <h3 style=\"font-size: 16px; font-weight: 700; color: #facc15; margin-bottom: 14px;\">G\u00fcndem & Politika<\/h3>\n        <pre style=\"font-family: 'Courier New', monospace; font-size: 14px; color: #e2e8f0; margin: 0;\">\n@t24comtr\n@gazetesozcu\n@aykirimedya\n@onedio\n        <\/pre>\n      <\/div>\n\n      <!-- Box 4: K\u00fclt\u00fcr - E\u011flence -->\n      <div style=\"background-color: #1e293b; border-radius: 16px; padding: 20px 30px; width: 220px; text-align: left; border: 1px solid #334155;\">\n        <h3 style=\"font-size: 16px; font-weight: 700; color: #facc15; margin-bottom: 14px;\">K\u00fclt\u00fcr \u2013 E\u011flence<\/h3>\n        <pre style=\"font-family: 'Courier New', monospace; font-size: 14px; color: #e2e8f0; margin: 0;\">\n@eksenbelgesel\n@onediofeed\n        <\/pre>\n      <\/div>\n    <\/div>\n    \n  <\/div>\n<\/section>\n\t\t\t\t<\/div>\n\t\t\t\t<\/div>\n\t\t<div class=\"elementor-element elementor-element-44891f0 e-flex e-con-boxed e-con e-parent\" data-id=\"44891f0\" data-element_type=\"container\">\n\t\t\t\t\t<div class=\"e-con-inner\">\n\t\t\t\t<div class=\"elementor-element elementor-element-bdc7748 elementor-widget elementor-widget-html\" data-id=\"bdc7748\" data-element_type=\"widget\" data-widget_type=\"html.default\">\n\t\t\t\t\t<section id=\"form\" style=\"background: linear-gradient(to right, #0f172a, #1e3a8a); padding: 60px 5%; font-family: 'Inter', sans-serif; color: white;\">\n  <div class=\"container\" style=\"width: 100%; max-width: 1400px; margin: 0 auto; display: flex; flex-direction: column; align-items: center; justify-content: center;\">\n\n    <div style=\"text-align: center; margin-bottom: 40px;\">\n      <h2 style=\"font-size: 32px; font-weight: 800; margin-bottom: 10px;\">Ba\u015fvuru Formu<\/h2>\n      <p style=\"font-size: 16px; color: #cbd5e1; margin: 0 auto; max-width: 600px;\">\n        A\u015fa\u011f\u0131daki formu doldurarak SHAK hizmetine ba\u015fvurabilirsiniz:\n      <\/p>\n    <\/div>\n\n    <div style=\"background-color: #1e293b; border-radius: 20px; padding: 30px; width: 100%; max-width: 100%; margin: 0 auto;\">\n      <iframe \n        src=\"https:\/\/tally.so\/r\/mDo4Pl\" \n        width=\"100%\" \n        height=\"600\" \n        frameborder=\"0\" \n        style=\"border-radius: 12px; background-color: white; border: none;\">\n      <\/iframe>\n\n      <div style=\"margin-top: 20px; text-align: center;\">\n        <p style=\"color: #cbd5e1; font-size: 14px;\">\n          Form g\u00f6r\u00fcnm\u00fcyor mu?\n          <a href=\"https:\/\/tally.so\/r\/mDo4Pl\" target=\"_blank\" style=\"color: #facc15; text-decoration: underline;\">\n            Buraya t\u0131klayarak do\u011frudan formu a\u00e7abilirsiniz\n          <\/a>\n        <\/p>\n      <\/div>\n    <\/div>\n\n  <\/div>\n<\/section>\n\t\t\t\t<\/div>\n\t\t\t\t\t<\/div>\n\t\t\t\t<\/div>\n\t\t<div class=\"elementor-element elementor-element-8d4e39f e-flex e-con-boxed e-con e-parent\" data-id=\"8d4e39f\" data-element_type=\"container\">\n\t\t\t\t\t<div class=\"e-con-inner\">\n\t\t\t\t<div class=\"elementor-element elementor-element-bc6d0a5 elementor-widget elementor-widget-html\" data-id=\"bc6d0a5\" data-element_type=\"widget\" data-widget_type=\"html.default\">\n\t\t\t\t\t<footer style=\"background-color: #0f172a; color: #94a3b8; font-family: 'Inter', sans-serif; padding: 40px 2% 20px;\">\n  <div style=\"max-width: 1200px; margin: 0 auto; text-align: center;\">\n    <h2 style=\"color: #facc15; font-size: 24px; font-weight: 700; margin-bottom: 10px;\">SHAK<\/h2>\n    <p style=\"font-size: 10px; margin-bottom: 20px;\">\n        <div style=\"text-align: center;\">\n      Sivil Hayata A\u00e7\u0131lan Kap\u0131n\u0131z \u2013 Vatani g\u00f6revinizde haberdar kalman\u0131n en kolay yolu!\n    <\/p>\n\n\n  <div style=\"font-size: 16px; margin-bottom: 30px;\">\n    <span style=\"color: #facc15; font-size: 18px;\">\ud83d\udcde<\/span>\n    <strong style=\"color: #ffffff;\">\u0130leti\u015fim: 0532 266 42 50<\/strong>\n  <\/div>\n\n  <hr style=\"border: 0; height: 1px; background-color: #1e293b; margin: 0 auto 20px; width: 80%;\" \/>\n\n  <p style=\"font-size: 13px; color: #64748b;\">\u00a9 2025 SHAK \u2013 T\u00fcm haklar\u0131 sakl\u0131d\u0131r. KVKK uyumlu g\u00fcvenli hizmet.<\/p>\n<\/footer>\n\n\t\t\t\t<\/div>\n\t\t\t\t\t<\/div>\n\t\t\t\t<\/div>\n\t\t\t\t<\/div>\n\t\t","protected":false},"excerpt":{"rendered":"<p>SHAK &#8211; Sivil Hayata A\u00e7\u0131lan Kap\u0131n\u0131z VATAN\u0130 G\u00d6REV\u0130N\u0130ZDE G\u00dcNDEMDEN D\u00dc\u015eMEY\u0130N! SHAK Sivil Hayata A\u00e7\u0131lan Kap\u0131n\u0131z! Twitter\u2019\u0131n\u0131za SMS ile ula\u015f\u0131n! Bedelli askerlik s\u00fcrecinizde tu\u015flu telefonunuzla se\u00e7ti\u011finiz hesaplardan gelen \u00f6nemli tweetleri SMS olarak al\u0131n! Paketleri \u0130ncele &#x1f552; Otomatik Tweet Al\u0131m\u0131 Her sabah 6&#8217;da \u015fafak sayac\u0131 ve g\u00fcn i\u00e7erisinde her Twitter hesab\u0131ndan 5 tweet al! Neden SHAK? Vatani [&hellip;]<\/p>\n","protected":false},"author":1,"featured_media":0,"parent":0,"menu_order":0,"comment_status":"closed","ping_status":"closed","template":"elementor_canvas","meta":{"footnotes":""},"class_list":["post-19","page","type-page","status-publish","hentry"],"_links":{"self":[{"href":"https:\/\/shak.com.tr\/index.php?rest_route=\/wp\/v2\/pages\/19","targetHints":{"allow":["GET"]}}],"collection":[{"href":"https:\/\/shak.com.tr\/index.php?rest_route=\/wp\/v2\/pages"}],"about":[{"href":"https:\/\/shak.com.tr\/index.php?rest_route=\/wp\/v2\/types\/page"}],"author":[{"embeddable":true,"href":"https:\/\/shak.com.tr\/index.php?rest_route=\/wp\/v2\/users\/1"}],"replies":[{"embeddable":true,"href":"https:\/\/shak.com.tr\/index.php?rest_route=%2Fwp%2Fv2%2Fcomments&post=19"}],"version-history":[{"count":52,"href":"https:\/\/shak.com.tr\/index.php?rest_route=\/wp\/v2\/pages\/19\/revisions"}],"predecessor-version":[{"id":104,"href":"https:\/\/shak.com.tr\/index.php?rest_route=\/wp\/v2\/pages\/19\/revisions\/104"}],"wp:attachment":[{"href":"https:\/\/shak.com.tr\/index.php?rest_route=%2Fwp%2Fv2%2Fmedia&parent=19"}],"curies":[{"name":"wp","href":"https:\/\/api.w.org\/{rel}","templated":true}]}}